{"id":11011,"date":"2022-09-13T15:44:17","date_gmt":"2022-09-13T13:44:17","guid":{"rendered":"https:\/\/selglam.com\/p\/eco-sleeve-slivv-micro-protection-of-glass-packaging"},"modified":"2022-09-13T15:44:17","modified_gmt":"2022-09-13T13:44:17","slug":"eco-sleeve-slivv-micro-protection-of-glass-packaging","status":"publish","type":"product","link":"https:\/\/selglam.com\/en\/products\/eco-sleeve-slivv-micro-protection-of-glass-packaging","title":{"rendered":"Eco &#8211; sleeve Slivv micro &#8211; protection of glass packaging"},"content":{"rendered":"<h2>Eco sleeve Slivv micro &#8211; protection of glass packaging<br \/>\nInnovative packaging for glass bottles and glass jars in the form of a flexible sleeve.<\/h2>\n<p>How to use the Slivv micro Eco Sleeve?<\/p>\n<p>It is very easy! All you need to do is put the sleeve on the bottle or jar, ready!<\/p>\n<p>The eco Slivv sleeve adjusts to the shape of the package, ensuring maximum protection during transport.<\/p>\n<p>The packaging is in the form of a flexible sleeve, which adjusts to the shape and fits tightly to the product.<\/p>\n<p>The packaging is perfect for products up to 11 cm and a width of 4.5 cm to 5.5 cm.<br \/>\nIt displays the product beautifully, while protecting it against damage.<\/p>\n<p>The unique wave structure absorbs harmful shocks while traveling to the customer.<\/p>\n<p>In addition, the packaging presents the packed product beautifully, thanks to which the product can be immediately given to someone as a gift.<\/p>\n<p>The Slivv eco sleeve is an ecological form of packaging and securing products for shipment.<br \/>\nThe sleeves can be used many times, thus supporting zero ones.<\/p>\n<p>Various dimensions of the product available.<\/p>\n<p>Do you have any questions? Contact us at info@selglam.com<\/p>\n","protected":false},"excerpt":{"rendered":"<p>Eco sleeve Slivv micro &#8211; protection of glass packaging Innovative packaging for glass bottles and glass jars in the form of a flexible sleeve. How to use the Slivv micro Eco Sleeve? It is very easy! All you need to do is put the sleeve on the bottle or jar, ready! The eco Slivv sleeve &hellip;<\/p>\n","protected":false},"featured_media":12215,"template":"","meta":[],"product_brand":[],"product_cat":[863],"product_tag":[1008,1009,1010],"class_list":{"0":"post-11011","1":"product","2":"type-product","3":"status-publish","4":"has-post-thumbnail","6":"product_cat-wine-packaging","7":"product_tag-ecological-packaging","8":"product_tag-packaging-for-cosmetics","9":"product_tag-eco-sleeve","11":"first","12":"instock","13":"taxable","14":"shipping-taxable","15":"purchasable","16":"product-type-variable","17":"rtwpvs-product"},"yoast_head":"<!-- This site is optimized with the Yoast SEO plugin v23.8 - https:\/\/yoast.com\/wordpress\/plugins\/seo\/ -->\n<title>Eco - sleeve Slivv micro - protection of glass packaging - Selglam - producent opakowa\u0144 i wype\u0142nie\u0144 ekologicznych<\/title>\n<meta name=\"description\" content=\"Eco sleeve Slivv micro - protection of glass packaging Innovative packaging for glass bottles and glass jars in the form of a flexible sleeve. How to use\" \/>\n<meta name=\"robots\" content=\"index, follow, max-snippet:-1, max-image-preview:large, max-video-preview:-1\" \/>\n<link rel=\"canonical\" href=\"https:\/\/selglam.com\/en\/products\/eco-sleeve-slivv-micro-protection-of-glass-packaging\" \/>\n<meta property=\"og:locale\" content=\"en_US\" \/>\n<meta property=\"og:type\" content=\"article\" \/>\n<meta property=\"og:title\" content=\"Eco - sleeve Slivv micro - protection of glass packaging - Selglam - producent opakowa\u0144 i wype\u0142nie\u0144 ekologicznych\" \/>\n<meta property=\"og:description\" content=\"Eco sleeve Slivv micro - protection of glass packaging Innovative packaging for glass bottles and glass jars in the form of a flexible sleeve. How to use\" \/>\n<meta property=\"og:url\" content=\"https:\/\/selglam.com\/en\/products\/eco-sleeve-slivv-micro-protection-of-glass-packaging\" \/>\n<meta property=\"og:site_name\" content=\"Selglam - producent opakowa\u0144 i wype\u0142nie\u0144 ekologicznych\" \/>\n<meta property=\"og:image\" content=\"https:\/\/selglam.com\/wp-content\/uploads\/2022\/09\/micro_115.jpg\" \/>\n\t<meta property=\"og:image:width\" content=\"400\" \/>\n\t<meta property=\"og:image:height\" content=\"400\" \/>\n\t<meta property=\"og:image:type\" content=\"image\/jpeg\" \/>\n<meta name=\"twitter:card\" content=\"summary_large_image\" \/>\n<meta name=\"twitter:label1\" content=\"Est. reading time\" \/>\n\t<meta name=\"twitter:data1\" content=\"1 minute\" \/>\n<script type=\"application\/ld+json\" class=\"yoast-schema-graph\">{\"@context\":\"https:\/\/schema.org\",\"@graph\":[{\"@type\":\"WebPage\",\"@id\":\"https:\/\/selglam.com\/en\/products\/eco-sleeve-slivv-micro-protection-of-glass-packaging\",\"url\":\"https:\/\/selglam.com\/en\/products\/eco-sleeve-slivv-micro-protection-of-glass-packaging\",\"name\":\"Eco - sleeve Slivv micro - protection of glass packaging - Selglam - producent opakowa\u0144 i wype\u0142nie\u0144 ekologicznych\",\"isPartOf\":{\"@id\":\"https:\/\/selglam.com\/#website\"},\"primaryImageOfPage\":{\"@id\":\"https:\/\/selglam.com\/en\/products\/eco-sleeve-slivv-micro-protection-of-glass-packaging#primaryimage\"},\"image\":{\"@id\":\"https:\/\/selglam.com\/en\/products\/eco-sleeve-slivv-micro-protection-of-glass-packaging#primaryimage\"},\"thumbnailUrl\":\"https:\/\/selglam.com\/wp-content\/uploads\/2022\/09\/micro_115.jpg\",\"datePublished\":\"2022-09-13T13:44:17+00:00\",\"dateModified\":\"2022-09-13T13:44:17+00:00\",\"description\":\"Eco sleeve Slivv micro - protection of glass packaging Innovative packaging for glass bottles and glass jars in the form of a flexible sleeve. How to use\",\"breadcrumb\":{\"@id\":\"https:\/\/selglam.com\/en\/products\/eco-sleeve-slivv-micro-protection-of-glass-packaging#breadcrumb\"},\"inLanguage\":\"en-US\",\"potentialAction\":[{\"@type\":\"ReadAction\",\"target\":[\"https:\/\/selglam.com\/en\/products\/eco-sleeve-slivv-micro-protection-of-glass-packaging\"]}]},{\"@type\":\"ImageObject\",\"inLanguage\":\"en-US\",\"@id\":\"https:\/\/selglam.com\/en\/products\/eco-sleeve-slivv-micro-protection-of-glass-packaging#primaryimage\",\"url\":\"https:\/\/selglam.com\/wp-content\/uploads\/2022\/09\/micro_115.jpg\",\"contentUrl\":\"https:\/\/selglam.com\/wp-content\/uploads\/2022\/09\/micro_115.jpg\",\"width\":400,\"height\":400},{\"@type\":\"BreadcrumbList\",\"@id\":\"https:\/\/selglam.com\/en\/products\/eco-sleeve-slivv-micro-protection-of-glass-packaging#breadcrumb\",\"itemListElement\":[{\"@type\":\"ListItem\",\"position\":1,\"name\":\"Strona g\u0142\u00f3wna\",\"item\":\"https:\/\/selglam.com\/en\/ekologiczne-pakowanie\"},{\"@type\":\"ListItem\",\"position\":2,\"name\":\"Shop\",\"item\":\"https:\/\/selglam.com\/en\/shop\"},{\"@type\":\"ListItem\",\"position\":3,\"name\":\"Eco &#8211; sleeve Slivv micro &#8211; protection of glass packaging\"}]},{\"@type\":\"WebSite\",\"@id\":\"https:\/\/selglam.com\/#website\",\"url\":\"https:\/\/selglam.com\/\",\"name\":\"Selglam - producent opakowa\u0144 i wype\u0142nie\u0144 ekologicznych\",\"description\":\"Producent opakowa\u0144 ekologicznych. Pude\u0142ka eko, stickery, podk\u0142adki,wype\u0142nienia\",\"publisher\":{\"@id\":\"https:\/\/selglam.com\/#organization\"},\"potentialAction\":[{\"@type\":\"SearchAction\",\"target\":{\"@type\":\"EntryPoint\",\"urlTemplate\":\"https:\/\/selglam.com\/?s={search_term_string}\"},\"query-input\":{\"@type\":\"PropertyValueSpecification\",\"valueRequired\":true,\"valueName\":\"search_term_string\"}}],\"inLanguage\":\"en-US\"},{\"@type\":\"Organization\",\"@id\":\"https:\/\/selglam.com\/#organization\",\"name\":\"Selglam\",\"url\":\"https:\/\/selglam.com\/\",\"logo\":{\"@type\":\"ImageObject\",\"inLanguage\":\"en-US\",\"@id\":\"https:\/\/selglam.com\/#\/schema\/logo\/image\/\",\"url\":\"https:\/\/selglam.com\/wp-content\/uploads\/2020\/05\/logo.png\",\"contentUrl\":\"https:\/\/selglam.com\/wp-content\/uploads\/2020\/05\/logo.png\",\"width\":540,\"height\":104,\"caption\":\"Selglam\"},\"image\":{\"@id\":\"https:\/\/selglam.com\/#\/schema\/logo\/image\/\"}}]}<\/script>\n<!-- \/ Yoast SEO plugin. -->","yoast_head_json":{"title":"Eco - sleeve Slivv micro - protection of glass packaging - Selglam - producent opakowa\u0144 i wype\u0142nie\u0144 ekologicznych","description":"Eco sleeve Slivv micro - protection of glass packaging Innovative packaging for glass bottles and glass jars in the form of a flexible sleeve. How to use","robots":{"index":"index","follow":"follow","max-snippet":"max-snippet:-1","max-image-preview":"max-image-preview:large","max-video-preview":"max-video-preview:-1"},"canonical":"https:\/\/selglam.com\/en\/products\/eco-sleeve-slivv-micro-protection-of-glass-packaging","og_locale":"en_US","og_type":"article","og_title":"Eco - sleeve Slivv micro - protection of glass packaging - Selglam - producent opakowa\u0144 i wype\u0142nie\u0144 ekologicznych","og_description":"Eco sleeve Slivv micro - protection of glass packaging Innovative packaging for glass bottles and glass jars in the form of a flexible sleeve. How to use","og_url":"https:\/\/selglam.com\/en\/products\/eco-sleeve-slivv-micro-protection-of-glass-packaging","og_site_name":"Selglam - producent opakowa\u0144 i wype\u0142nie\u0144 ekologicznych","og_image":[{"width":400,"height":400,"url":"https:\/\/selglam.com\/wp-content\/uploads\/2022\/09\/micro_115.jpg","type":"image\/jpeg"}],"twitter_card":"summary_large_image","twitter_misc":{"Est. reading time":"1 minute"},"schema":{"@context":"https:\/\/schema.org","@graph":[{"@type":"WebPage","@id":"https:\/\/selglam.com\/en\/products\/eco-sleeve-slivv-micro-protection-of-glass-packaging","url":"https:\/\/selglam.com\/en\/products\/eco-sleeve-slivv-micro-protection-of-glass-packaging","name":"Eco - sleeve Slivv micro - protection of glass packaging - Selglam - producent opakowa\u0144 i wype\u0142nie\u0144 ekologicznych","isPartOf":{"@id":"https:\/\/selglam.com\/#website"},"primaryImageOfPage":{"@id":"https:\/\/selglam.com\/en\/products\/eco-sleeve-slivv-micro-protection-of-glass-packaging#primaryimage"},"image":{"@id":"https:\/\/selglam.com\/en\/products\/eco-sleeve-slivv-micro-protection-of-glass-packaging#primaryimage"},"thumbnailUrl":"https:\/\/selglam.com\/wp-content\/uploads\/2022\/09\/micro_115.jpg","datePublished":"2022-09-13T13:44:17+00:00","dateModified":"2022-09-13T13:44:17+00:00","description":"Eco sleeve Slivv micro - protection of glass packaging Innovative packaging for glass bottles and glass jars in the form of a flexible sleeve. How to use","breadcrumb":{"@id":"https:\/\/selglam.com\/en\/products\/eco-sleeve-slivv-micro-protection-of-glass-packaging#breadcrumb"},"inLanguage":"en-US","potentialAction":[{"@type":"ReadAction","target":["https:\/\/selglam.com\/en\/products\/eco-sleeve-slivv-micro-protection-of-glass-packaging"]}]},{"@type":"ImageObject","inLanguage":"en-US","@id":"https:\/\/selglam.com\/en\/products\/eco-sleeve-slivv-micro-protection-of-glass-packaging#primaryimage","url":"https:\/\/selglam.com\/wp-content\/uploads\/2022\/09\/micro_115.jpg","contentUrl":"https:\/\/selglam.com\/wp-content\/uploads\/2022\/09\/micro_115.jpg","width":400,"height":400},{"@type":"BreadcrumbList","@id":"https:\/\/selglam.com\/en\/products\/eco-sleeve-slivv-micro-protection-of-glass-packaging#breadcrumb","itemListElement":[{"@type":"ListItem","position":1,"name":"Strona g\u0142\u00f3wna","item":"https:\/\/selglam.com\/en\/ekologiczne-pakowanie"},{"@type":"ListItem","position":2,"name":"Shop","item":"https:\/\/selglam.com\/en\/shop"},{"@type":"ListItem","position":3,"name":"Eco &#8211; sleeve Slivv micro &#8211; protection of glass packaging"}]},{"@type":"WebSite","@id":"https:\/\/selglam.com\/#website","url":"https:\/\/selglam.com\/","name":"Selglam - producent opakowa\u0144 i wype\u0142nie\u0144 ekologicznych","description":"Producent opakowa\u0144 ekologicznych. Pude\u0142ka eko, stickery, podk\u0142adki,wype\u0142nienia","publisher":{"@id":"https:\/\/selglam.com\/#organization"},"potentialAction":[{"@type":"SearchAction","target":{"@type":"EntryPoint","urlTemplate":"https:\/\/selglam.com\/?s={search_term_string}"},"query-input":{"@type":"PropertyValueSpecification","valueRequired":true,"valueName":"search_term_string"}}],"inLanguage":"en-US"},{"@type":"Organization","@id":"https:\/\/selglam.com\/#organization","name":"Selglam","url":"https:\/\/selglam.com\/","logo":{"@type":"ImageObject","inLanguage":"en-US","@id":"https:\/\/selglam.com\/#\/schema\/logo\/image\/","url":"https:\/\/selglam.com\/wp-content\/uploads\/2020\/05\/logo.png","contentUrl":"https:\/\/selglam.com\/wp-content\/uploads\/2020\/05\/logo.png","width":540,"height":104,"caption":"Selglam"},"image":{"@id":"https:\/\/selglam.com\/#\/schema\/logo\/image\/"}}]}},"_links":{"self":[{"href":"https:\/\/selglam.com\/en\/wp-json\/wp\/v2\/product\/11011","targetHints":{"allow":["GET"]}}],"collection":[{"href":"https:\/\/selglam.com\/en\/wp-json\/wp\/v2\/product"}],"about":[{"href":"https:\/\/selglam.com\/en\/wp-json\/wp\/v2\/types\/product"}],"wp:featuredmedia":[{"embeddable":true,"href":"https:\/\/selglam.com\/en\/wp-json\/wp\/v2\/media\/12215"}],"wp:attachment":[{"href":"https:\/\/selglam.com\/en\/wp-json\/wp\/v2\/media?parent=11011"}],"wp:term":[{"taxonomy":"product_brand","embeddable":true,"href":"https:\/\/selglam.com\/en\/wp-json\/wp\/v2\/product_brand?post=11011"},{"taxonomy":"product_cat","embeddable":true,"href":"https:\/\/selglam.com\/en\/wp-json\/wp\/v2\/product_cat?post=11011"},{"taxonomy":"product_tag","embeddable":true,"href":"https:\/\/selglam.com\/en\/wp-json\/wp\/v2\/product_tag?post=11011"}],"curies":[{"name":"wp","href":"https:\/\/api.w.org\/{rel}","templated":true}]}}