{"id":11146,"date":"2020-07-26T22:12:37","date_gmt":"2020-07-26T20:12:37","guid":{"rendered":"https:\/\/selglam.com\/p\/tissue"},"modified":"2020-07-26T22:12:37","modified_gmt":"2020-07-26T20:12:37","slug":"tissue","status":"publish","type":"product","link":"https:\/\/selglam.com\/en\/products\/tissue","title":{"rendered":"gray tissue-paper with dots 50x75cm"},"content":{"rendered":"<h2>Gray tissue-paper with dots 50x75cm<br \/>\nExclusive paper for packaging cosmetics, clothing, footwear, haberdashery, ceramics, handicrafts and jewelery.<\/h2>\n<p>A beautiful, subtle dot pattern gives each packed shipment a unique character.<\/p>\n<p>The modern and universal design will fit most of the packaged products.<\/p>\n<p>Paper weight 17g \/ m2<br \/>\nDimensions of a single sheet 50&#215;75 cm<br \/>\nSold in packs of 100<br \/>\nThe color of the paper is gray with a pattern of gray dots.<br \/>\nThe paper has a slightly rustling formula that provides a pleasant feeling when opening packages.<\/p>\n<p>A biodegradable and ecological product, it is an ideal replacement for bubble wrap. Gray wrapping paper with a dots pattern, also available in other dimensions and on rolls.<\/p>\n<p>Do you need a different format? Contact us by writing to the following e-mail address: zamowienia@rbeco.pl<\/p>\n<p>In combination with a mailbox and a filling in the form of paper shavings, it creates a perfectly packed shipment.<\/p>\n","protected":false},"excerpt":{"rendered":"<p>Gray tissue-paper with dots 50x75cm Exclusive paper for packaging cosmetics, clothing, footwear, haberdashery, ceramics, handicrafts and jewelery. A beautiful, subtle dot pattern gives each packed shipment a unique character. The modern and universal design will fit most of the packaged products. Paper weight 17g \/ m2 Dimensions of a single sheet 50&#215;75 cm Sold in &hellip;<\/p>\n","protected":false},"featured_media":10800,"template":"","meta":[],"product_brand":[],"product_cat":[856,858,861],"product_tag":[],"class_list":{"0":"post-11146","1":"product","2":"type-product","3":"status-publish","4":"has-post-thumbnail","6":"product_cat-packing-paper","7":"product_cat-kraft-and-seda-paper","8":"product_cat-packaging-products","10":"first","11":"outofstock","12":"taxable","13":"shipping-taxable","14":"purchasable","15":"product-type-variable","16":"rtwpvs-product"},"yoast_head":"<!-- This site is optimized with the Yoast SEO plugin v23.8 - https:\/\/yoast.com\/wordpress\/plugins\/seo\/ -->\n<title>gray tissue-paper with dots 50x75cm - Selglam - producent opakowa\u0144 i wype\u0142nie\u0144 ekologicznych<\/title>\n<meta name=\"description\" content=\"Gray tissue-paper with dots 50x75cm Exclusive paper for packaging cosmetics, clothing, footwear, haberdashery, ceramics, handicrafts and jewelery. A\" \/>\n<meta name=\"robots\" content=\"index, follow, max-snippet:-1, max-image-preview:large, max-video-preview:-1\" \/>\n<link rel=\"canonical\" href=\"https:\/\/selglam.com\/en\/products\/tissue\" \/>\n<meta property=\"og:locale\" content=\"en_US\" \/>\n<meta property=\"og:type\" content=\"article\" \/>\n<meta property=\"og:title\" content=\"gray tissue-paper with dots 50x75cm - Selglam - producent opakowa\u0144 i wype\u0142nie\u0144 ekologicznych\" \/>\n<meta property=\"og:description\" content=\"Gray tissue-paper with dots 50x75cm Exclusive paper for packaging cosmetics, clothing, footwear, haberdashery, ceramics, handicrafts and jewelery. A\" \/>\n<meta property=\"og:url\" content=\"https:\/\/selglam.com\/en\/products\/tissue\" \/>\n<meta property=\"og:site_name\" content=\"Selglam - producent opakowa\u0144 i wype\u0142nie\u0144 ekologicznych\" \/>\n<meta property=\"og:image\" content=\"https:\/\/selglam.com\/wp-content\/uploads\/2020\/07\/4-3.png\" \/>\n\t<meta property=\"og:image:width\" content=\"400\" \/>\n\t<meta property=\"og:image:height\" content=\"400\" \/>\n\t<meta property=\"og:image:type\" content=\"image\/png\" \/>\n<meta name=\"twitter:card\" content=\"summary_large_image\" \/>\n<meta name=\"twitter:label1\" content=\"Est. reading time\" \/>\n\t<meta name=\"twitter:data1\" content=\"1 minute\" \/>\n<script type=\"application\/ld+json\" class=\"yoast-schema-graph\">{\"@context\":\"https:\/\/schema.org\",\"@graph\":[{\"@type\":\"WebPage\",\"@id\":\"https:\/\/selglam.com\/en\/products\/tissue\",\"url\":\"https:\/\/selglam.com\/en\/products\/tissue\",\"name\":\"gray tissue-paper with dots 50x75cm - Selglam - producent opakowa\u0144 i wype\u0142nie\u0144 ekologicznych\",\"isPartOf\":{\"@id\":\"https:\/\/selglam.com\/#website\"},\"primaryImageOfPage\":{\"@id\":\"https:\/\/selglam.com\/en\/products\/tissue#primaryimage\"},\"image\":{\"@id\":\"https:\/\/selglam.com\/en\/products\/tissue#primaryimage\"},\"thumbnailUrl\":\"https:\/\/selglam.com\/wp-content\/uploads\/2020\/07\/4-3.png\",\"datePublished\":\"2020-07-26T20:12:37+00:00\",\"dateModified\":\"2020-07-26T20:12:37+00:00\",\"description\":\"Gray tissue-paper with dots 50x75cm Exclusive paper for packaging cosmetics, clothing, footwear, haberdashery, ceramics, handicrafts and jewelery. A\",\"breadcrumb\":{\"@id\":\"https:\/\/selglam.com\/en\/products\/tissue#breadcrumb\"},\"inLanguage\":\"en-US\",\"potentialAction\":[{\"@type\":\"ReadAction\",\"target\":[\"https:\/\/selglam.com\/en\/products\/tissue\"]}]},{\"@type\":\"ImageObject\",\"inLanguage\":\"en-US\",\"@id\":\"https:\/\/selglam.com\/en\/products\/tissue#primaryimage\",\"url\":\"https:\/\/selglam.com\/wp-content\/uploads\/2020\/07\/4-3.png\",\"contentUrl\":\"https:\/\/selglam.com\/wp-content\/uploads\/2020\/07\/4-3.png\",\"width\":400,\"height\":400},{\"@type\":\"BreadcrumbList\",\"@id\":\"https:\/\/selglam.com\/en\/products\/tissue#breadcrumb\",\"itemListElement\":[{\"@type\":\"ListItem\",\"position\":1,\"name\":\"Strona g\u0142\u00f3wna\",\"item\":\"https:\/\/selglam.com\/en\/ekologiczne-pakowanie\"},{\"@type\":\"ListItem\",\"position\":2,\"name\":\"Shop\",\"item\":\"https:\/\/selglam.com\/en\/shop\"},{\"@type\":\"ListItem\",\"position\":3,\"name\":\"gray tissue-paper with dots 50x75cm\"}]},{\"@type\":\"WebSite\",\"@id\":\"https:\/\/selglam.com\/#website\",\"url\":\"https:\/\/selglam.com\/\",\"name\":\"Selglam - producent opakowa\u0144 i wype\u0142nie\u0144 ekologicznych\",\"description\":\"Producent opakowa\u0144 ekologicznych. Pude\u0142ka eko, stickery, podk\u0142adki,wype\u0142nienia\",\"publisher\":{\"@id\":\"https:\/\/selglam.com\/#organization\"},\"potentialAction\":[{\"@type\":\"SearchAction\",\"target\":{\"@type\":\"EntryPoint\",\"urlTemplate\":\"https:\/\/selglam.com\/?s={search_term_string}\"},\"query-input\":{\"@type\":\"PropertyValueSpecification\",\"valueRequired\":true,\"valueName\":\"search_term_string\"}}],\"inLanguage\":\"en-US\"},{\"@type\":\"Organization\",\"@id\":\"https:\/\/selglam.com\/#organization\",\"name\":\"Selglam\",\"url\":\"https:\/\/selglam.com\/\",\"logo\":{\"@type\":\"ImageObject\",\"inLanguage\":\"en-US\",\"@id\":\"https:\/\/selglam.com\/#\/schema\/logo\/image\/\",\"url\":\"https:\/\/selglam.com\/wp-content\/uploads\/2020\/05\/logo.png\",\"contentUrl\":\"https:\/\/selglam.com\/wp-content\/uploads\/2020\/05\/logo.png\",\"width\":540,\"height\":104,\"caption\":\"Selglam\"},\"image\":{\"@id\":\"https:\/\/selglam.com\/#\/schema\/logo\/image\/\"}}]}<\/script>\n<!-- \/ Yoast SEO plugin. -->","yoast_head_json":{"title":"gray tissue-paper with dots 50x75cm - Selglam - producent opakowa\u0144 i wype\u0142nie\u0144 ekologicznych","description":"Gray tissue-paper with dots 50x75cm Exclusive paper for packaging cosmetics, clothing, footwear, haberdashery, ceramics, handicrafts and jewelery. A","robots":{"index":"index","follow":"follow","max-snippet":"max-snippet:-1","max-image-preview":"max-image-preview:large","max-video-preview":"max-video-preview:-1"},"canonical":"https:\/\/selglam.com\/en\/products\/tissue","og_locale":"en_US","og_type":"article","og_title":"gray tissue-paper with dots 50x75cm - Selglam - producent opakowa\u0144 i wype\u0142nie\u0144 ekologicznych","og_description":"Gray tissue-paper with dots 50x75cm Exclusive paper for packaging cosmetics, clothing, footwear, haberdashery, ceramics, handicrafts and jewelery. A","og_url":"https:\/\/selglam.com\/en\/products\/tissue","og_site_name":"Selglam - producent opakowa\u0144 i wype\u0142nie\u0144 ekologicznych","og_image":[{"width":400,"height":400,"url":"https:\/\/selglam.com\/wp-content\/uploads\/2020\/07\/4-3.png","type":"image\/png"}],"twitter_card":"summary_large_image","twitter_misc":{"Est. reading time":"1 minute"},"schema":{"@context":"https:\/\/schema.org","@graph":[{"@type":"WebPage","@id":"https:\/\/selglam.com\/en\/products\/tissue","url":"https:\/\/selglam.com\/en\/products\/tissue","name":"gray tissue-paper with dots 50x75cm - Selglam - producent opakowa\u0144 i wype\u0142nie\u0144 ekologicznych","isPartOf":{"@id":"https:\/\/selglam.com\/#website"},"primaryImageOfPage":{"@id":"https:\/\/selglam.com\/en\/products\/tissue#primaryimage"},"image":{"@id":"https:\/\/selglam.com\/en\/products\/tissue#primaryimage"},"thumbnailUrl":"https:\/\/selglam.com\/wp-content\/uploads\/2020\/07\/4-3.png","datePublished":"2020-07-26T20:12:37+00:00","dateModified":"2020-07-26T20:12:37+00:00","description":"Gray tissue-paper with dots 50x75cm Exclusive paper for packaging cosmetics, clothing, footwear, haberdashery, ceramics, handicrafts and jewelery. A","breadcrumb":{"@id":"https:\/\/selglam.com\/en\/products\/tissue#breadcrumb"},"inLanguage":"en-US","potentialAction":[{"@type":"ReadAction","target":["https:\/\/selglam.com\/en\/products\/tissue"]}]},{"@type":"ImageObject","inLanguage":"en-US","@id":"https:\/\/selglam.com\/en\/products\/tissue#primaryimage","url":"https:\/\/selglam.com\/wp-content\/uploads\/2020\/07\/4-3.png","contentUrl":"https:\/\/selglam.com\/wp-content\/uploads\/2020\/07\/4-3.png","width":400,"height":400},{"@type":"BreadcrumbList","@id":"https:\/\/selglam.com\/en\/products\/tissue#breadcrumb","itemListElement":[{"@type":"ListItem","position":1,"name":"Strona g\u0142\u00f3wna","item":"https:\/\/selglam.com\/en\/ekologiczne-pakowanie"},{"@type":"ListItem","position":2,"name":"Shop","item":"https:\/\/selglam.com\/en\/shop"},{"@type":"ListItem","position":3,"name":"gray tissue-paper with dots 50x75cm"}]},{"@type":"WebSite","@id":"https:\/\/selglam.com\/#website","url":"https:\/\/selglam.com\/","name":"Selglam - producent opakowa\u0144 i wype\u0142nie\u0144 ekologicznych","description":"Producent opakowa\u0144 ekologicznych. Pude\u0142ka eko, stickery, podk\u0142adki,wype\u0142nienia","publisher":{"@id":"https:\/\/selglam.com\/#organization"},"potentialAction":[{"@type":"SearchAction","target":{"@type":"EntryPoint","urlTemplate":"https:\/\/selglam.com\/?s={search_term_string}"},"query-input":{"@type":"PropertyValueSpecification","valueRequired":true,"valueName":"search_term_string"}}],"inLanguage":"en-US"},{"@type":"Organization","@id":"https:\/\/selglam.com\/#organization","name":"Selglam","url":"https:\/\/selglam.com\/","logo":{"@type":"ImageObject","inLanguage":"en-US","@id":"https:\/\/selglam.com\/#\/schema\/logo\/image\/","url":"https:\/\/selglam.com\/wp-content\/uploads\/2020\/05\/logo.png","contentUrl":"https:\/\/selglam.com\/wp-content\/uploads\/2020\/05\/logo.png","width":540,"height":104,"caption":"Selglam"},"image":{"@id":"https:\/\/selglam.com\/#\/schema\/logo\/image\/"}}]}},"_links":{"self":[{"href":"https:\/\/selglam.com\/en\/wp-json\/wp\/v2\/product\/11146","targetHints":{"allow":["GET"]}}],"collection":[{"href":"https:\/\/selglam.com\/en\/wp-json\/wp\/v2\/product"}],"about":[{"href":"https:\/\/selglam.com\/en\/wp-json\/wp\/v2\/types\/product"}],"wp:featuredmedia":[{"embeddable":true,"href":"https:\/\/selglam.com\/en\/wp-json\/wp\/v2\/media\/10800"}],"wp:attachment":[{"href":"https:\/\/selglam.com\/en\/wp-json\/wp\/v2\/media?parent=11146"}],"wp:term":[{"taxonomy":"product_brand","embeddable":true,"href":"https:\/\/selglam.com\/en\/wp-json\/wp\/v2\/product_brand?post=11146"},{"taxonomy":"product_cat","embeddable":true,"href":"https:\/\/selglam.com\/en\/wp-json\/wp\/v2\/product_cat?post=11146"},{"taxonomy":"product_tag","embeddable":true,"href":"https:\/\/selglam.com\/en\/wp-json\/wp\/v2\/product_tag?post=11146"}],"curies":[{"name":"wp","href":"https:\/\/api.w.org\/{rel}","templated":true}]}}