{"id":11676,"date":"2022-11-22T13:01:54","date_gmt":"2022-11-22T12:01:54","guid":{"rendered":"https:\/\/selglam.com\/p\/packing-filler-zigzag-delux-light-green-2mm"},"modified":"2022-11-22T13:01:54","modified_gmt":"2022-11-22T12:01:54","slug":"packing-filler-zigzag-delux-light-green-2mm","status":"publish","type":"product","link":"https:\/\/selglam.com\/en\/products\/packing-filler-zigzag-delux-light-green-2mm","title":{"rendered":"Packing filler ZigZag Delux light green 2mm"},"content":{"rendered":"<h2>Packing filler ZigZag Delux light green 2mm<\/h2>\n<h6>Advantages of using ZigZag Delux filler<\/h6>\n<p>Strongly twisted and elastic ZigZag Delux paper chips perfectly fill the space of the box, while providing even better protection of the packed products during transport.<\/p>\n<p>The non-dusting formula ensures aesthetics and comfort during packaging.<\/p>\n<p>They beautifully present and emphasize the quality of packed products.<\/p>\n<p>Looking for a different color?<\/p>\n<p>Other color variants of the filler are available on our other offers.<\/p>\n<p>Technical Specifications<br \/>\nmade of shredded paper 60g<br \/>\nblade width 2mm<br \/>\noffered quantity &#8211; 1 kg<br \/>\nbiodegradable and ecological<br \/>\nhighly resilient<br \/>\nnon-dusting formula<br \/>\nThe ZigZag Delux pack filler is a dust-free paper chip with perfect elasticity. Short springs ensure quick and precise confection. They adapt to the shape of the product, providing even better protection.<\/p>\n<p>Application of ZigZag Delux filler<\/p>\n<p>filling gift boxes and baskets, crates with alcohol<br \/>\nfilling e-commerce packages<br \/>\npacking cosmetics, ceramics, haberdashery, gifts and more<\/p>\n","protected":false},"excerpt":{"rendered":"<p>Packing filler ZigZag Delux light green 2mm Advantages of using ZigZag Delux filler Strongly twisted and elastic ZigZag Delux paper chips perfectly fill the space of the box, while providing even better protection of the packed products during transport. The non-dusting formula ensures aesthetics and comfort during packaging. They beautifully present and emphasize the quality &hellip;<\/p>\n","protected":false},"featured_media":11526,"template":"","meta":[],"product_brand":[],"product_cat":[586,870],"product_tag":[1063],"class_list":{"0":"post-11676","1":"product","2":"type-product","3":"status-publish","4":"has-post-thumbnail","6":"product_cat-package-fillers","7":"product_cat-paper-shavings-ecological-filling-of-packages","8":"product_tag-zigzag-delux-en","10":"first","11":"instock","12":"taxable","13":"shipping-taxable","14":"purchasable","15":"product-type-simple"},"yoast_head":"<!-- This site is optimized with the Yoast SEO plugin v23.8 - https:\/\/yoast.com\/wordpress\/plugins\/seo\/ -->\n<title>Packing filler ZigZag Delux light green 2mm - Selglam - producent opakowa\u0144 i wype\u0142nie\u0144 ekologicznych<\/title>\n<meta name=\"description\" content=\"Packing filler ZigZag Delux light green 2mm Advantages of using ZigZag Delux filler Strongly twisted and elastic ZigZag Delux paper chips perfectly fill\" \/>\n<meta name=\"robots\" content=\"index, follow, max-snippet:-1, max-image-preview:large, max-video-preview:-1\" \/>\n<link rel=\"canonical\" href=\"https:\/\/selglam.com\/en\/products\/packing-filler-zigzag-delux-light-green-2mm\" \/>\n<meta property=\"og:locale\" content=\"en_US\" \/>\n<meta property=\"og:type\" content=\"article\" \/>\n<meta property=\"og:title\" content=\"Packing filler ZigZag Delux light green 2mm - Selglam - producent opakowa\u0144 i wype\u0142nie\u0144 ekologicznych\" \/>\n<meta property=\"og:description\" content=\"Packing filler ZigZag Delux light green 2mm Advantages of using ZigZag Delux filler Strongly twisted and elastic ZigZag Delux paper chips perfectly fill\" \/>\n<meta property=\"og:url\" content=\"https:\/\/selglam.com\/en\/products\/packing-filler-zigzag-delux-light-green-2mm\" \/>\n<meta property=\"og:site_name\" content=\"Selglam - producent opakowa\u0144 i wype\u0142nie\u0144 ekologicznych\" \/>\n<meta property=\"og:image\" content=\"https:\/\/selglam.com\/wp-content\/uploads\/2022\/11\/Projekt-bez-tytulu-78.jpg\" \/>\n\t<meta property=\"og:image:width\" content=\"500\" \/>\n\t<meta property=\"og:image:height\" content=\"500\" \/>\n\t<meta property=\"og:image:type\" content=\"image\/jpeg\" \/>\n<meta name=\"twitter:card\" content=\"summary_large_image\" \/>\n<meta name=\"twitter:label1\" content=\"Est. reading time\" \/>\n\t<meta name=\"twitter:data1\" content=\"1 minute\" \/>\n<script type=\"application\/ld+json\" class=\"yoast-schema-graph\">{\"@context\":\"https:\/\/schema.org\",\"@graph\":[{\"@type\":\"WebPage\",\"@id\":\"https:\/\/selglam.com\/en\/products\/packing-filler-zigzag-delux-light-green-2mm\",\"url\":\"https:\/\/selglam.com\/en\/products\/packing-filler-zigzag-delux-light-green-2mm\",\"name\":\"Packing filler ZigZag Delux light green 2mm - Selglam - producent opakowa\u0144 i wype\u0142nie\u0144 ekologicznych\",\"isPartOf\":{\"@id\":\"https:\/\/selglam.com\/#website\"},\"primaryImageOfPage\":{\"@id\":\"https:\/\/selglam.com\/en\/products\/packing-filler-zigzag-delux-light-green-2mm#primaryimage\"},\"image\":{\"@id\":\"https:\/\/selglam.com\/en\/products\/packing-filler-zigzag-delux-light-green-2mm#primaryimage\"},\"thumbnailUrl\":\"https:\/\/selglam.com\/wp-content\/uploads\/2022\/11\/Projekt-bez-tytulu-78.jpg\",\"datePublished\":\"2022-11-22T12:01:54+00:00\",\"dateModified\":\"2022-11-22T12:01:54+00:00\",\"description\":\"Packing filler ZigZag Delux light green 2mm Advantages of using ZigZag Delux filler Strongly twisted and elastic ZigZag Delux paper chips perfectly fill\",\"breadcrumb\":{\"@id\":\"https:\/\/selglam.com\/en\/products\/packing-filler-zigzag-delux-light-green-2mm#breadcrumb\"},\"inLanguage\":\"en-US\",\"potentialAction\":[{\"@type\":\"ReadAction\",\"target\":[\"https:\/\/selglam.com\/en\/products\/packing-filler-zigzag-delux-light-green-2mm\"]}]},{\"@type\":\"ImageObject\",\"inLanguage\":\"en-US\",\"@id\":\"https:\/\/selglam.com\/en\/products\/packing-filler-zigzag-delux-light-green-2mm#primaryimage\",\"url\":\"https:\/\/selglam.com\/wp-content\/uploads\/2022\/11\/Projekt-bez-tytulu-78.jpg\",\"contentUrl\":\"https:\/\/selglam.com\/wp-content\/uploads\/2022\/11\/Projekt-bez-tytulu-78.jpg\",\"width\":500,\"height\":500},{\"@type\":\"BreadcrumbList\",\"@id\":\"https:\/\/selglam.com\/en\/products\/packing-filler-zigzag-delux-light-green-2mm#breadcrumb\",\"itemListElement\":[{\"@type\":\"ListItem\",\"position\":1,\"name\":\"Strona g\u0142\u00f3wna\",\"item\":\"https:\/\/selglam.com\/en\/ekologiczne-pakowanie\"},{\"@type\":\"ListItem\",\"position\":2,\"name\":\"Shop\",\"item\":\"https:\/\/selglam.com\/en\/shop\"},{\"@type\":\"ListItem\",\"position\":3,\"name\":\"Packing filler ZigZag Delux light green 2mm\"}]},{\"@type\":\"WebSite\",\"@id\":\"https:\/\/selglam.com\/#website\",\"url\":\"https:\/\/selglam.com\/\",\"name\":\"Selglam - producent opakowa\u0144 i wype\u0142nie\u0144 ekologicznych\",\"description\":\"Producent opakowa\u0144 ekologicznych. Pude\u0142ka eko, stickery, podk\u0142adki,wype\u0142nienia\",\"publisher\":{\"@id\":\"https:\/\/selglam.com\/#organization\"},\"potentialAction\":[{\"@type\":\"SearchAction\",\"target\":{\"@type\":\"EntryPoint\",\"urlTemplate\":\"https:\/\/selglam.com\/?s={search_term_string}\"},\"query-input\":{\"@type\":\"PropertyValueSpecification\",\"valueRequired\":true,\"valueName\":\"search_term_string\"}}],\"inLanguage\":\"en-US\"},{\"@type\":\"Organization\",\"@id\":\"https:\/\/selglam.com\/#organization\",\"name\":\"Selglam\",\"url\":\"https:\/\/selglam.com\/\",\"logo\":{\"@type\":\"ImageObject\",\"inLanguage\":\"en-US\",\"@id\":\"https:\/\/selglam.com\/#\/schema\/logo\/image\/\",\"url\":\"https:\/\/selglam.com\/wp-content\/uploads\/2020\/05\/logo.png\",\"contentUrl\":\"https:\/\/selglam.com\/wp-content\/uploads\/2020\/05\/logo.png\",\"width\":540,\"height\":104,\"caption\":\"Selglam\"},\"image\":{\"@id\":\"https:\/\/selglam.com\/#\/schema\/logo\/image\/\"}}]}<\/script>\n<!-- \/ Yoast SEO plugin. -->","yoast_head_json":{"title":"Packing filler ZigZag Delux light green 2mm - Selglam - producent opakowa\u0144 i wype\u0142nie\u0144 ekologicznych","description":"Packing filler ZigZag Delux light green 2mm Advantages of using ZigZag Delux filler Strongly twisted and elastic ZigZag Delux paper chips perfectly fill","robots":{"index":"index","follow":"follow","max-snippet":"max-snippet:-1","max-image-preview":"max-image-preview:large","max-video-preview":"max-video-preview:-1"},"canonical":"https:\/\/selglam.com\/en\/products\/packing-filler-zigzag-delux-light-green-2mm","og_locale":"en_US","og_type":"article","og_title":"Packing filler ZigZag Delux light green 2mm - Selglam - producent opakowa\u0144 i wype\u0142nie\u0144 ekologicznych","og_description":"Packing filler ZigZag Delux light green 2mm Advantages of using ZigZag Delux filler Strongly twisted and elastic ZigZag Delux paper chips perfectly fill","og_url":"https:\/\/selglam.com\/en\/products\/packing-filler-zigzag-delux-light-green-2mm","og_site_name":"Selglam - producent opakowa\u0144 i wype\u0142nie\u0144 ekologicznych","og_image":[{"width":500,"height":500,"url":"https:\/\/selglam.com\/wp-content\/uploads\/2022\/11\/Projekt-bez-tytulu-78.jpg","type":"image\/jpeg"}],"twitter_card":"summary_large_image","twitter_misc":{"Est. reading time":"1 minute"},"schema":{"@context":"https:\/\/schema.org","@graph":[{"@type":"WebPage","@id":"https:\/\/selglam.com\/en\/products\/packing-filler-zigzag-delux-light-green-2mm","url":"https:\/\/selglam.com\/en\/products\/packing-filler-zigzag-delux-light-green-2mm","name":"Packing filler ZigZag Delux light green 2mm - Selglam - producent opakowa\u0144 i wype\u0142nie\u0144 ekologicznych","isPartOf":{"@id":"https:\/\/selglam.com\/#website"},"primaryImageOfPage":{"@id":"https:\/\/selglam.com\/en\/products\/packing-filler-zigzag-delux-light-green-2mm#primaryimage"},"image":{"@id":"https:\/\/selglam.com\/en\/products\/packing-filler-zigzag-delux-light-green-2mm#primaryimage"},"thumbnailUrl":"https:\/\/selglam.com\/wp-content\/uploads\/2022\/11\/Projekt-bez-tytulu-78.jpg","datePublished":"2022-11-22T12:01:54+00:00","dateModified":"2022-11-22T12:01:54+00:00","description":"Packing filler ZigZag Delux light green 2mm Advantages of using ZigZag Delux filler Strongly twisted and elastic ZigZag Delux paper chips perfectly fill","breadcrumb":{"@id":"https:\/\/selglam.com\/en\/products\/packing-filler-zigzag-delux-light-green-2mm#breadcrumb"},"inLanguage":"en-US","potentialAction":[{"@type":"ReadAction","target":["https:\/\/selglam.com\/en\/products\/packing-filler-zigzag-delux-light-green-2mm"]}]},{"@type":"ImageObject","inLanguage":"en-US","@id":"https:\/\/selglam.com\/en\/products\/packing-filler-zigzag-delux-light-green-2mm#primaryimage","url":"https:\/\/selglam.com\/wp-content\/uploads\/2022\/11\/Projekt-bez-tytulu-78.jpg","contentUrl":"https:\/\/selglam.com\/wp-content\/uploads\/2022\/11\/Projekt-bez-tytulu-78.jpg","width":500,"height":500},{"@type":"BreadcrumbList","@id":"https:\/\/selglam.com\/en\/products\/packing-filler-zigzag-delux-light-green-2mm#breadcrumb","itemListElement":[{"@type":"ListItem","position":1,"name":"Strona g\u0142\u00f3wna","item":"https:\/\/selglam.com\/en\/ekologiczne-pakowanie"},{"@type":"ListItem","position":2,"name":"Shop","item":"https:\/\/selglam.com\/en\/shop"},{"@type":"ListItem","position":3,"name":"Packing filler ZigZag Delux light green 2mm"}]},{"@type":"WebSite","@id":"https:\/\/selglam.com\/#website","url":"https:\/\/selglam.com\/","name":"Selglam - producent opakowa\u0144 i wype\u0142nie\u0144 ekologicznych","description":"Producent opakowa\u0144 ekologicznych. Pude\u0142ka eko, stickery, podk\u0142adki,wype\u0142nienia","publisher":{"@id":"https:\/\/selglam.com\/#organization"},"potentialAction":[{"@type":"SearchAction","target":{"@type":"EntryPoint","urlTemplate":"https:\/\/selglam.com\/?s={search_term_string}"},"query-input":{"@type":"PropertyValueSpecification","valueRequired":true,"valueName":"search_term_string"}}],"inLanguage":"en-US"},{"@type":"Organization","@id":"https:\/\/selglam.com\/#organization","name":"Selglam","url":"https:\/\/selglam.com\/","logo":{"@type":"ImageObject","inLanguage":"en-US","@id":"https:\/\/selglam.com\/#\/schema\/logo\/image\/","url":"https:\/\/selglam.com\/wp-content\/uploads\/2020\/05\/logo.png","contentUrl":"https:\/\/selglam.com\/wp-content\/uploads\/2020\/05\/logo.png","width":540,"height":104,"caption":"Selglam"},"image":{"@id":"https:\/\/selglam.com\/#\/schema\/logo\/image\/"}}]}},"_links":{"self":[{"href":"https:\/\/selglam.com\/en\/wp-json\/wp\/v2\/product\/11676","targetHints":{"allow":["GET"]}}],"collection":[{"href":"https:\/\/selglam.com\/en\/wp-json\/wp\/v2\/product"}],"about":[{"href":"https:\/\/selglam.com\/en\/wp-json\/wp\/v2\/types\/product"}],"wp:featuredmedia":[{"embeddable":true,"href":"https:\/\/selglam.com\/en\/wp-json\/wp\/v2\/media\/11526"}],"wp:attachment":[{"href":"https:\/\/selglam.com\/en\/wp-json\/wp\/v2\/media?parent=11676"}],"wp:term":[{"taxonomy":"product_brand","embeddable":true,"href":"https:\/\/selglam.com\/en\/wp-json\/wp\/v2\/product_brand?post=11676"},{"taxonomy":"product_cat","embeddable":true,"href":"https:\/\/selglam.com\/en\/wp-json\/wp\/v2\/product_cat?post=11676"},{"taxonomy":"product_tag","embeddable":true,"href":"https:\/\/selglam.com\/en\/wp-json\/wp\/v2\/product_tag?post=11676"}],"curies":[{"name":"wp","href":"https:\/\/api.w.org\/{rel}","templated":true}]}}