{"id":11845,"date":"2020-07-26T18:42:06","date_gmt":"2020-07-26T16:42:06","guid":{"rendered":"https:\/\/selglam.com\/p\/airlaid-napkin-40x40-50-pcs-color-to-choose-from"},"modified":"2020-07-26T18:42:06","modified_gmt":"2020-07-26T16:42:06","slug":"airlaid-napkin-40x40-50-pcs-color-to-choose-from","status":"publish","type":"product","link":"https:\/\/selglam.com\/en\/products\/airlaid-napkin-40x40-50-pcs-color-to-choose-from","title":{"rendered":"Airlaid napkin 40&#215;40 (50 pcs.) (color to choose from)"},"content":{"rendered":"<h2>Airlaid napkin 40&#215;40 (50 pcs.) (color to choose from)<\/h2>\n<p>Are you decorating a table for a birthday party, wedding, Christmas or an industry event? Or maybe you run a restaurant, cafe or guesthouse? Then you can&#8217;t miss fleece napkins!<\/p>\n<p>Non-woven napkin is characterized by a fabric-like structure.<br \/>\nVery easy to assemble, you can easily create fancy decorations.<br \/>\nCompared to a regular paper napkin, the Airlaid napkin is much more durable and absorbent, making it an economical solution. One napkin will successfully last a meal.<\/p>\n<p>Non-woven napkin is used primarily in restaurants, cafes and various events. They are also perfect for home use.<\/p>\n<p>The size of the napkin when unfolded is 40&#215;40 cm.<\/p>\n<p>Various colors of napkins are available.<\/p>\n<p>Airlaid napkins emphasize the elegant character of any interior. Surprise your guests by creating fancy patterns from fleece napkins.<\/p>\n<p>Price per package of 50 pieces.<\/p>\n","protected":false},"excerpt":{"rendered":"<p>The highest quality napkins, durable, allowing for forming. Rich colors and unique patterns. Napkins are widely used in the catering and hotel industries.<\/p>\n","protected":false},"featured_media":9507,"template":"","meta":[],"product_brand":[],"product_cat":[582,844,846],"product_tag":[],"class_list":{"0":"post-11845","1":"product","2":"type-product","3":"status-publish","4":"has-post-thumbnail","6":"product_cat-table-decoration","7":"product_cat-napkins","8":"product_cat-non-woven-napkins","10":"first","11":"outofstock","12":"purchasable","13":"product-type-variable","14":"rtwpvs-product"},"yoast_head":"<!-- This site is optimized with the Yoast SEO plugin v23.8 - https:\/\/yoast.com\/wordpress\/plugins\/seo\/ -->\n<title>Airlaid napkin 40x40 (50 pcs.) (color to choose from) - Selglam - producent opakowa\u0144 i wype\u0142nie\u0144 ekologicznych<\/title>\n<meta name=\"description\" content=\"The highest quality napkins, durable, allowing for forming. Rich colors and unique patterns. Napkins are widely used in the catering and hotel industries.\" \/>\n<meta name=\"robots\" content=\"index, follow, max-snippet:-1, max-image-preview:large, max-video-preview:-1\" \/>\n<link rel=\"canonical\" href=\"https:\/\/selglam.com\/en\/products\/airlaid-napkin-40x40-50-pcs-color-to-choose-from\" \/>\n<meta property=\"og:locale\" content=\"en_US\" \/>\n<meta property=\"og:type\" content=\"article\" \/>\n<meta property=\"og:title\" content=\"Airlaid napkin 40x40 (50 pcs.) (color to choose from) - Selglam - producent opakowa\u0144 i wype\u0142nie\u0144 ekologicznych\" \/>\n<meta property=\"og:description\" content=\"The highest quality napkins, durable, allowing for forming. Rich colors and unique patterns. Napkins are widely used in the catering and hotel industries.\" \/>\n<meta property=\"og:url\" content=\"https:\/\/selglam.com\/en\/products\/airlaid-napkin-40x40-50-pcs-color-to-choose-from\" \/>\n<meta property=\"og:site_name\" content=\"Selglam - producent opakowa\u0144 i wype\u0142nie\u0144 ekologicznych\" \/>\n<meta property=\"og:image\" content=\"https:\/\/selglam.com\/wp-content\/uploads\/2020\/06\/serwetka-airlaid-40x40-tablestar-kiwi-1.jpg\" \/>\n\t<meta property=\"og:image:width\" content=\"1200\" \/>\n\t<meta property=\"og:image:height\" content=\"867\" \/>\n\t<meta property=\"og:image:type\" content=\"image\/jpeg\" \/>\n<meta name=\"twitter:card\" content=\"summary_large_image\" \/>\n<meta name=\"twitter:label1\" content=\"Est. reading time\" \/>\n\t<meta name=\"twitter:data1\" content=\"1 minute\" \/>\n<script type=\"application\/ld+json\" class=\"yoast-schema-graph\">{\"@context\":\"https:\/\/schema.org\",\"@graph\":[{\"@type\":\"WebPage\",\"@id\":\"https:\/\/selglam.com\/en\/products\/airlaid-napkin-40x40-50-pcs-color-to-choose-from\",\"url\":\"https:\/\/selglam.com\/en\/products\/airlaid-napkin-40x40-50-pcs-color-to-choose-from\",\"name\":\"Airlaid napkin 40x40 (50 pcs.) (color to choose from) - Selglam - producent opakowa\u0144 i wype\u0142nie\u0144 ekologicznych\",\"isPartOf\":{\"@id\":\"https:\/\/selglam.com\/#website\"},\"primaryImageOfPage\":{\"@id\":\"https:\/\/selglam.com\/en\/products\/airlaid-napkin-40x40-50-pcs-color-to-choose-from#primaryimage\"},\"image\":{\"@id\":\"https:\/\/selglam.com\/en\/products\/airlaid-napkin-40x40-50-pcs-color-to-choose-from#primaryimage\"},\"thumbnailUrl\":\"https:\/\/selglam.com\/wp-content\/uploads\/2020\/06\/serwetka-airlaid-40x40-tablestar-kiwi-1.jpg\",\"datePublished\":\"2020-07-26T16:42:06+00:00\",\"dateModified\":\"2020-07-26T16:42:06+00:00\",\"description\":\"The highest quality napkins, durable, allowing for forming. Rich colors and unique patterns. Napkins are widely used in the catering and hotel industries.\",\"breadcrumb\":{\"@id\":\"https:\/\/selglam.com\/en\/products\/airlaid-napkin-40x40-50-pcs-color-to-choose-from#breadcrumb\"},\"inLanguage\":\"en-US\",\"potentialAction\":[{\"@type\":\"ReadAction\",\"target\":[\"https:\/\/selglam.com\/en\/products\/airlaid-napkin-40x40-50-pcs-color-to-choose-from\"]}]},{\"@type\":\"ImageObject\",\"inLanguage\":\"en-US\",\"@id\":\"https:\/\/selglam.com\/en\/products\/airlaid-napkin-40x40-50-pcs-color-to-choose-from#primaryimage\",\"url\":\"https:\/\/selglam.com\/wp-content\/uploads\/2020\/06\/serwetka-airlaid-40x40-tablestar-kiwi-1.jpg\",\"contentUrl\":\"https:\/\/selglam.com\/wp-content\/uploads\/2020\/06\/serwetka-airlaid-40x40-tablestar-kiwi-1.jpg\",\"width\":1200,\"height\":867},{\"@type\":\"BreadcrumbList\",\"@id\":\"https:\/\/selglam.com\/en\/products\/airlaid-napkin-40x40-50-pcs-color-to-choose-from#breadcrumb\",\"itemListElement\":[{\"@type\":\"ListItem\",\"position\":1,\"name\":\"Strona g\u0142\u00f3wna\",\"item\":\"https:\/\/selglam.com\/en\/ekologiczne-pakowanie\"},{\"@type\":\"ListItem\",\"position\":2,\"name\":\"Shop\",\"item\":\"https:\/\/selglam.com\/en\/shop\"},{\"@type\":\"ListItem\",\"position\":3,\"name\":\"Airlaid napkin 40&#215;40 (50 pcs.) (color to choose from)\"}]},{\"@type\":\"WebSite\",\"@id\":\"https:\/\/selglam.com\/#website\",\"url\":\"https:\/\/selglam.com\/\",\"name\":\"Selglam - producent opakowa\u0144 i wype\u0142nie\u0144 ekologicznych\",\"description\":\"Producent opakowa\u0144 ekologicznych. Pude\u0142ka eko, stickery, podk\u0142adki,wype\u0142nienia\",\"publisher\":{\"@id\":\"https:\/\/selglam.com\/#organization\"},\"potentialAction\":[{\"@type\":\"SearchAction\",\"target\":{\"@type\":\"EntryPoint\",\"urlTemplate\":\"https:\/\/selglam.com\/?s={search_term_string}\"},\"query-input\":{\"@type\":\"PropertyValueSpecification\",\"valueRequired\":true,\"valueName\":\"search_term_string\"}}],\"inLanguage\":\"en-US\"},{\"@type\":\"Organization\",\"@id\":\"https:\/\/selglam.com\/#organization\",\"name\":\"Selglam\",\"url\":\"https:\/\/selglam.com\/\",\"logo\":{\"@type\":\"ImageObject\",\"inLanguage\":\"en-US\",\"@id\":\"https:\/\/selglam.com\/#\/schema\/logo\/image\/\",\"url\":\"https:\/\/selglam.com\/wp-content\/uploads\/2020\/05\/logo.png\",\"contentUrl\":\"https:\/\/selglam.com\/wp-content\/uploads\/2020\/05\/logo.png\",\"width\":540,\"height\":104,\"caption\":\"Selglam\"},\"image\":{\"@id\":\"https:\/\/selglam.com\/#\/schema\/logo\/image\/\"}}]}<\/script>\n<!-- \/ Yoast SEO plugin. -->","yoast_head_json":{"title":"Airlaid napkin 40x40 (50 pcs.) (color to choose from) - Selglam - producent opakowa\u0144 i wype\u0142nie\u0144 ekologicznych","description":"The highest quality napkins, durable, allowing for forming. Rich colors and unique patterns. Napkins are widely used in the catering and hotel industries.","robots":{"index":"index","follow":"follow","max-snippet":"max-snippet:-1","max-image-preview":"max-image-preview:large","max-video-preview":"max-video-preview:-1"},"canonical":"https:\/\/selglam.com\/en\/products\/airlaid-napkin-40x40-50-pcs-color-to-choose-from","og_locale":"en_US","og_type":"article","og_title":"Airlaid napkin 40x40 (50 pcs.) (color to choose from) - Selglam - producent opakowa\u0144 i wype\u0142nie\u0144 ekologicznych","og_description":"The highest quality napkins, durable, allowing for forming. Rich colors and unique patterns. Napkins are widely used in the catering and hotel industries.","og_url":"https:\/\/selglam.com\/en\/products\/airlaid-napkin-40x40-50-pcs-color-to-choose-from","og_site_name":"Selglam - producent opakowa\u0144 i wype\u0142nie\u0144 ekologicznych","og_image":[{"width":1200,"height":867,"url":"https:\/\/selglam.com\/wp-content\/uploads\/2020\/06\/serwetka-airlaid-40x40-tablestar-kiwi-1.jpg","type":"image\/jpeg"}],"twitter_card":"summary_large_image","twitter_misc":{"Est. reading time":"1 minute"},"schema":{"@context":"https:\/\/schema.org","@graph":[{"@type":"WebPage","@id":"https:\/\/selglam.com\/en\/products\/airlaid-napkin-40x40-50-pcs-color-to-choose-from","url":"https:\/\/selglam.com\/en\/products\/airlaid-napkin-40x40-50-pcs-color-to-choose-from","name":"Airlaid napkin 40x40 (50 pcs.) (color to choose from) - Selglam - producent opakowa\u0144 i wype\u0142nie\u0144 ekologicznych","isPartOf":{"@id":"https:\/\/selglam.com\/#website"},"primaryImageOfPage":{"@id":"https:\/\/selglam.com\/en\/products\/airlaid-napkin-40x40-50-pcs-color-to-choose-from#primaryimage"},"image":{"@id":"https:\/\/selglam.com\/en\/products\/airlaid-napkin-40x40-50-pcs-color-to-choose-from#primaryimage"},"thumbnailUrl":"https:\/\/selglam.com\/wp-content\/uploads\/2020\/06\/serwetka-airlaid-40x40-tablestar-kiwi-1.jpg","datePublished":"2020-07-26T16:42:06+00:00","dateModified":"2020-07-26T16:42:06+00:00","description":"The highest quality napkins, durable, allowing for forming. Rich colors and unique patterns. Napkins are widely used in the catering and hotel industries.","breadcrumb":{"@id":"https:\/\/selglam.com\/en\/products\/airlaid-napkin-40x40-50-pcs-color-to-choose-from#breadcrumb"},"inLanguage":"en-US","potentialAction":[{"@type":"ReadAction","target":["https:\/\/selglam.com\/en\/products\/airlaid-napkin-40x40-50-pcs-color-to-choose-from"]}]},{"@type":"ImageObject","inLanguage":"en-US","@id":"https:\/\/selglam.com\/en\/products\/airlaid-napkin-40x40-50-pcs-color-to-choose-from#primaryimage","url":"https:\/\/selglam.com\/wp-content\/uploads\/2020\/06\/serwetka-airlaid-40x40-tablestar-kiwi-1.jpg","contentUrl":"https:\/\/selglam.com\/wp-content\/uploads\/2020\/06\/serwetka-airlaid-40x40-tablestar-kiwi-1.jpg","width":1200,"height":867},{"@type":"BreadcrumbList","@id":"https:\/\/selglam.com\/en\/products\/airlaid-napkin-40x40-50-pcs-color-to-choose-from#breadcrumb","itemListElement":[{"@type":"ListItem","position":1,"name":"Strona g\u0142\u00f3wna","item":"https:\/\/selglam.com\/en\/ekologiczne-pakowanie"},{"@type":"ListItem","position":2,"name":"Shop","item":"https:\/\/selglam.com\/en\/shop"},{"@type":"ListItem","position":3,"name":"Airlaid napkin 40&#215;40 (50 pcs.) (color to choose from)"}]},{"@type":"WebSite","@id":"https:\/\/selglam.com\/#website","url":"https:\/\/selglam.com\/","name":"Selglam - producent opakowa\u0144 i wype\u0142nie\u0144 ekologicznych","description":"Producent opakowa\u0144 ekologicznych. Pude\u0142ka eko, stickery, podk\u0142adki,wype\u0142nienia","publisher":{"@id":"https:\/\/selglam.com\/#organization"},"potentialAction":[{"@type":"SearchAction","target":{"@type":"EntryPoint","urlTemplate":"https:\/\/selglam.com\/?s={search_term_string}"},"query-input":{"@type":"PropertyValueSpecification","valueRequired":true,"valueName":"search_term_string"}}],"inLanguage":"en-US"},{"@type":"Organization","@id":"https:\/\/selglam.com\/#organization","name":"Selglam","url":"https:\/\/selglam.com\/","logo":{"@type":"ImageObject","inLanguage":"en-US","@id":"https:\/\/selglam.com\/#\/schema\/logo\/image\/","url":"https:\/\/selglam.com\/wp-content\/uploads\/2020\/05\/logo.png","contentUrl":"https:\/\/selglam.com\/wp-content\/uploads\/2020\/05\/logo.png","width":540,"height":104,"caption":"Selglam"},"image":{"@id":"https:\/\/selglam.com\/#\/schema\/logo\/image\/"}}]}},"_links":{"self":[{"href":"https:\/\/selglam.com\/en\/wp-json\/wp\/v2\/product\/11845","targetHints":{"allow":["GET"]}}],"collection":[{"href":"https:\/\/selglam.com\/en\/wp-json\/wp\/v2\/product"}],"about":[{"href":"https:\/\/selglam.com\/en\/wp-json\/wp\/v2\/types\/product"}],"wp:featuredmedia":[{"embeddable":true,"href":"https:\/\/selglam.com\/en\/wp-json\/wp\/v2\/media\/9507"}],"wp:attachment":[{"href":"https:\/\/selglam.com\/en\/wp-json\/wp\/v2\/media?parent=11845"}],"wp:term":[{"taxonomy":"product_brand","embeddable":true,"href":"https:\/\/selglam.com\/en\/wp-json\/wp\/v2\/product_brand?post=11845"},{"taxonomy":"product_cat","embeddable":true,"href":"https:\/\/selglam.com\/en\/wp-json\/wp\/v2\/product_cat?post=11845"},{"taxonomy":"product_tag","embeddable":true,"href":"https:\/\/selglam.com\/en\/wp-json\/wp\/v2\/product_tag?post=11845"}],"curies":[{"name":"wp","href":"https:\/\/api.w.org\/{rel}","templated":true}]}}