{"id":11905,"date":"2020-07-21T21:14:35","date_gmt":"2020-07-21T19:14:35","guid":{"rendered":"https:\/\/selglam.com\/p\/spaghetti-paper-shavings-4mm-color-to-choose-from-1kg"},"modified":"2020-07-21T21:14:35","modified_gmt":"2020-07-21T19:14:35","slug":"spaghetti-paper-shavings-4mm-color-to-choose-from-1kg","status":"publish","type":"product","link":"https:\/\/selglam.com\/en\/products\/spaghetti-paper-shavings-4mm-color-to-choose-from-1kg","title":{"rendered":"Spaghetti paper shavings 4mm (color to choose from) 1kg"},"content":{"rendered":"","protected":false},"excerpt":{"rendered":"","protected":false},"featured_media":10486,"template":"","meta":[],"product_brand":[],"product_cat":[861,870],"product_tag":[],"class_list":{"0":"post-11905","1":"product","2":"type-product","3":"status-publish","4":"has-post-thumbnail","6":"product_cat-packaging-products","7":"product_cat-paper-shavings-ecological-filling-of-packages","8":"pa_kolor-bordeaux","9":"pa_kolor-black","10":"pa_kolor-red","11":"pa_kolor-ecru-en","12":"pa_kolor-navy-blue","13":"pa_kolor-light-blue","14":"pa_kolor-pink","15":"pa_kolor-mint","16":"pa_kolor-blue","17":"pa_kolor-orange","18":"pa_kolor-light-pink","19":"pa_kolor-gray","20":"pa_kolor-green","21":"pa_kolor-yellow","23":"first","24":"instock","25":"taxable","26":"shipping-taxable","27":"purchasable","28":"product-type-variable","29":"rtwpvs-product"},"yoast_head":"<!-- This site is optimized with the Yoast SEO plugin v23.8 - https:\/\/yoast.com\/wordpress\/plugins\/seo\/ -->\n<title>Spaghetti paper shavings 4mm (color to choose from) 1kg - Selglam - producent opakowa\u0144 i wype\u0142nie\u0144 ekologicznych<\/title>\n<meta name=\"robots\" content=\"index, follow, max-snippet:-1, max-image-preview:large, max-video-preview:-1\" \/>\n<link rel=\"canonical\" href=\"https:\/\/selglam.com\/en\/products\/spaghetti-paper-shavings-4mm-color-to-choose-from-1kg\" \/>\n<meta property=\"og:locale\" content=\"en_US\" \/>\n<meta property=\"og:type\" content=\"article\" \/>\n<meta property=\"og:title\" content=\"Spaghetti paper shavings 4mm (color to choose from) 1kg - Selglam - producent opakowa\u0144 i wype\u0142nie\u0144 ekologicznych\" \/>\n<meta property=\"og:url\" content=\"https:\/\/selglam.com\/en\/products\/spaghetti-paper-shavings-4mm-color-to-choose-from-1kg\" \/>\n<meta property=\"og:site_name\" content=\"Selglam - producent opakowa\u0144 i wype\u0142nie\u0144 ekologicznych\" \/>\n<meta property=\"og:image\" content=\"https:\/\/selglam.com\/wp-content\/uploads\/2020\/07\/WhatsApp-Image-2021-01-14-at-14.16.56-1.jpeg\" \/>\n\t<meta property=\"og:image:width\" content=\"400\" \/>\n\t<meta property=\"og:image:height\" content=\"400\" \/>\n\t<meta property=\"og:image:type\" content=\"image\/jpeg\" \/>\n<meta name=\"twitter:card\" content=\"summary_large_image\" \/>\n<script type=\"application\/ld+json\" class=\"yoast-schema-graph\">{\"@context\":\"https:\/\/schema.org\",\"@graph\":[{\"@type\":\"WebPage\",\"@id\":\"https:\/\/selglam.com\/en\/products\/spaghetti-paper-shavings-4mm-color-to-choose-from-1kg\",\"url\":\"https:\/\/selglam.com\/en\/products\/spaghetti-paper-shavings-4mm-color-to-choose-from-1kg\",\"name\":\"Spaghetti paper shavings 4mm (color to choose from) 1kg - Selglam - producent opakowa\u0144 i wype\u0142nie\u0144 ekologicznych\",\"isPartOf\":{\"@id\":\"https:\/\/selglam.com\/#website\"},\"primaryImageOfPage\":{\"@id\":\"https:\/\/selglam.com\/en\/products\/spaghetti-paper-shavings-4mm-color-to-choose-from-1kg#primaryimage\"},\"image\":{\"@id\":\"https:\/\/selglam.com\/en\/products\/spaghetti-paper-shavings-4mm-color-to-choose-from-1kg#primaryimage\"},\"thumbnailUrl\":\"https:\/\/selglam.com\/wp-content\/uploads\/2020\/07\/WhatsApp-Image-2021-01-14-at-14.16.56-1.jpeg\",\"datePublished\":\"2020-07-21T19:14:35+00:00\",\"dateModified\":\"2020-07-21T19:14:35+00:00\",\"breadcrumb\":{\"@id\":\"https:\/\/selglam.com\/en\/products\/spaghetti-paper-shavings-4mm-color-to-choose-from-1kg#breadcrumb\"},\"inLanguage\":\"en-US\",\"potentialAction\":[{\"@type\":\"ReadAction\",\"target\":[\"https:\/\/selglam.com\/en\/products\/spaghetti-paper-shavings-4mm-color-to-choose-from-1kg\"]}]},{\"@type\":\"ImageObject\",\"inLanguage\":\"en-US\",\"@id\":\"https:\/\/selglam.com\/en\/products\/spaghetti-paper-shavings-4mm-color-to-choose-from-1kg#primaryimage\",\"url\":\"https:\/\/selglam.com\/wp-content\/uploads\/2020\/07\/WhatsApp-Image-2021-01-14-at-14.16.56-1.jpeg\",\"contentUrl\":\"https:\/\/selglam.com\/wp-content\/uploads\/2020\/07\/WhatsApp-Image-2021-01-14-at-14.16.56-1.jpeg\",\"width\":400,\"height\":400,\"caption\":\"ecological package fillings, shavings, spaghetti, 2mm\"},{\"@type\":\"BreadcrumbList\",\"@id\":\"https:\/\/selglam.com\/en\/products\/spaghetti-paper-shavings-4mm-color-to-choose-from-1kg#breadcrumb\",\"itemListElement\":[{\"@type\":\"ListItem\",\"position\":1,\"name\":\"Strona g\u0142\u00f3wna\",\"item\":\"https:\/\/selglam.com\/en\/ekologiczne-pakowanie\"},{\"@type\":\"ListItem\",\"position\":2,\"name\":\"Shop\",\"item\":\"https:\/\/selglam.com\/en\/shop\"},{\"@type\":\"ListItem\",\"position\":3,\"name\":\"Spaghetti paper shavings 4mm (color to choose from) 1kg\"}]},{\"@type\":\"WebSite\",\"@id\":\"https:\/\/selglam.com\/#website\",\"url\":\"https:\/\/selglam.com\/\",\"name\":\"Selglam - producent opakowa\u0144 i wype\u0142nie\u0144 ekologicznych\",\"description\":\"Producent opakowa\u0144 ekologicznych. Pude\u0142ka eko, stickery, podk\u0142adki,wype\u0142nienia\",\"publisher\":{\"@id\":\"https:\/\/selglam.com\/#organization\"},\"potentialAction\":[{\"@type\":\"SearchAction\",\"target\":{\"@type\":\"EntryPoint\",\"urlTemplate\":\"https:\/\/selglam.com\/?s={search_term_string}\"},\"query-input\":{\"@type\":\"PropertyValueSpecification\",\"valueRequired\":true,\"valueName\":\"search_term_string\"}}],\"inLanguage\":\"en-US\"},{\"@type\":\"Organization\",\"@id\":\"https:\/\/selglam.com\/#organization\",\"name\":\"Selglam\",\"url\":\"https:\/\/selglam.com\/\",\"logo\":{\"@type\":\"ImageObject\",\"inLanguage\":\"en-US\",\"@id\":\"https:\/\/selglam.com\/#\/schema\/logo\/image\/\",\"url\":\"https:\/\/selglam.com\/wp-content\/uploads\/2020\/05\/logo.png\",\"contentUrl\":\"https:\/\/selglam.com\/wp-content\/uploads\/2020\/05\/logo.png\",\"width\":540,\"height\":104,\"caption\":\"Selglam\"},\"image\":{\"@id\":\"https:\/\/selglam.com\/#\/schema\/logo\/image\/\"}}]}<\/script>\n<!-- \/ Yoast SEO plugin. -->","yoast_head_json":{"title":"Spaghetti paper shavings 4mm (color to choose from) 1kg - Selglam - producent opakowa\u0144 i wype\u0142nie\u0144 ekologicznych","robots":{"index":"index","follow":"follow","max-snippet":"max-snippet:-1","max-image-preview":"max-image-preview:large","max-video-preview":"max-video-preview:-1"},"canonical":"https:\/\/selglam.com\/en\/products\/spaghetti-paper-shavings-4mm-color-to-choose-from-1kg","og_locale":"en_US","og_type":"article","og_title":"Spaghetti paper shavings 4mm (color to choose from) 1kg - Selglam - producent opakowa\u0144 i wype\u0142nie\u0144 ekologicznych","og_url":"https:\/\/selglam.com\/en\/products\/spaghetti-paper-shavings-4mm-color-to-choose-from-1kg","og_site_name":"Selglam - producent opakowa\u0144 i wype\u0142nie\u0144 ekologicznych","og_image":[{"width":400,"height":400,"url":"https:\/\/selglam.com\/wp-content\/uploads\/2020\/07\/WhatsApp-Image-2021-01-14-at-14.16.56-1.jpeg","type":"image\/jpeg"}],"twitter_card":"summary_large_image","schema":{"@context":"https:\/\/schema.org","@graph":[{"@type":"WebPage","@id":"https:\/\/selglam.com\/en\/products\/spaghetti-paper-shavings-4mm-color-to-choose-from-1kg","url":"https:\/\/selglam.com\/en\/products\/spaghetti-paper-shavings-4mm-color-to-choose-from-1kg","name":"Spaghetti paper shavings 4mm (color to choose from) 1kg - Selglam - producent opakowa\u0144 i wype\u0142nie\u0144 ekologicznych","isPartOf":{"@id":"https:\/\/selglam.com\/#website"},"primaryImageOfPage":{"@id":"https:\/\/selglam.com\/en\/products\/spaghetti-paper-shavings-4mm-color-to-choose-from-1kg#primaryimage"},"image":{"@id":"https:\/\/selglam.com\/en\/products\/spaghetti-paper-shavings-4mm-color-to-choose-from-1kg#primaryimage"},"thumbnailUrl":"https:\/\/selglam.com\/wp-content\/uploads\/2020\/07\/WhatsApp-Image-2021-01-14-at-14.16.56-1.jpeg","datePublished":"2020-07-21T19:14:35+00:00","dateModified":"2020-07-21T19:14:35+00:00","breadcrumb":{"@id":"https:\/\/selglam.com\/en\/products\/spaghetti-paper-shavings-4mm-color-to-choose-from-1kg#breadcrumb"},"inLanguage":"en-US","potentialAction":[{"@type":"ReadAction","target":["https:\/\/selglam.com\/en\/products\/spaghetti-paper-shavings-4mm-color-to-choose-from-1kg"]}]},{"@type":"ImageObject","inLanguage":"en-US","@id":"https:\/\/selglam.com\/en\/products\/spaghetti-paper-shavings-4mm-color-to-choose-from-1kg#primaryimage","url":"https:\/\/selglam.com\/wp-content\/uploads\/2020\/07\/WhatsApp-Image-2021-01-14-at-14.16.56-1.jpeg","contentUrl":"https:\/\/selglam.com\/wp-content\/uploads\/2020\/07\/WhatsApp-Image-2021-01-14-at-14.16.56-1.jpeg","width":400,"height":400,"caption":"ecological package fillings, shavings, spaghetti, 2mm"},{"@type":"BreadcrumbList","@id":"https:\/\/selglam.com\/en\/products\/spaghetti-paper-shavings-4mm-color-to-choose-from-1kg#breadcrumb","itemListElement":[{"@type":"ListItem","position":1,"name":"Strona g\u0142\u00f3wna","item":"https:\/\/selglam.com\/en\/ekologiczne-pakowanie"},{"@type":"ListItem","position":2,"name":"Shop","item":"https:\/\/selglam.com\/en\/shop"},{"@type":"ListItem","position":3,"name":"Spaghetti paper shavings 4mm (color to choose from) 1kg"}]},{"@type":"WebSite","@id":"https:\/\/selglam.com\/#website","url":"https:\/\/selglam.com\/","name":"Selglam - producent opakowa\u0144 i wype\u0142nie\u0144 ekologicznych","description":"Producent opakowa\u0144 ekologicznych. Pude\u0142ka eko, stickery, podk\u0142adki,wype\u0142nienia","publisher":{"@id":"https:\/\/selglam.com\/#organization"},"potentialAction":[{"@type":"SearchAction","target":{"@type":"EntryPoint","urlTemplate":"https:\/\/selglam.com\/?s={search_term_string}"},"query-input":{"@type":"PropertyValueSpecification","valueRequired":true,"valueName":"search_term_string"}}],"inLanguage":"en-US"},{"@type":"Organization","@id":"https:\/\/selglam.com\/#organization","name":"Selglam","url":"https:\/\/selglam.com\/","logo":{"@type":"ImageObject","inLanguage":"en-US","@id":"https:\/\/selglam.com\/#\/schema\/logo\/image\/","url":"https:\/\/selglam.com\/wp-content\/uploads\/2020\/05\/logo.png","contentUrl":"https:\/\/selglam.com\/wp-content\/uploads\/2020\/05\/logo.png","width":540,"height":104,"caption":"Selglam"},"image":{"@id":"https:\/\/selglam.com\/#\/schema\/logo\/image\/"}}]}},"_links":{"self":[{"href":"https:\/\/selglam.com\/en\/wp-json\/wp\/v2\/product\/11905","targetHints":{"allow":["GET"]}}],"collection":[{"href":"https:\/\/selglam.com\/en\/wp-json\/wp\/v2\/product"}],"about":[{"href":"https:\/\/selglam.com\/en\/wp-json\/wp\/v2\/types\/product"}],"wp:featuredmedia":[{"embeddable":true,"href":"https:\/\/selglam.com\/en\/wp-json\/wp\/v2\/media\/10486"}],"wp:attachment":[{"href":"https:\/\/selglam.com\/en\/wp-json\/wp\/v2\/media?parent=11905"}],"wp:term":[{"taxonomy":"product_brand","embeddable":true,"href":"https:\/\/selglam.com\/en\/wp-json\/wp\/v2\/product_brand?post=11905"},{"taxonomy":"product_cat","embeddable":true,"href":"https:\/\/selglam.com\/en\/wp-json\/wp\/v2\/product_cat?post=11905"},{"taxonomy":"product_tag","embeddable":true,"href":"https:\/\/selglam.com\/en\/wp-json\/wp\/v2\/product_tag?post=11905"}],"curies":[{"name":"wp","href":"https:\/\/api.w.org\/{rel}","templated":true}]}}